{"id":150,"date":"2019-06-18T12:37:42","date_gmt":"2019-06-18T12:37:42","guid":{"rendered":"https:\/\/houthem.saint-henri.be\/?page_id=150"},"modified":"2023-02-14T08:45:13","modified_gmt":"2023-02-14T08:45:13","slug":"grilles-horaires","status":"publish","type":"page","link":"https:\/\/houthem.saint-henri.be\/?page_id=150","title":{"rendered":"Grilles Horaires"},"content":{"rendered":"<ol>\n<li><strong>Horaires:<\/strong> L&rsquo;\u00e9cole est ouverte de <strong>7h15<\/strong> \u00e0 1<strong>8h00<\/strong> <u>sauf le mercredi apr\u00e8s-midi<\/u>.<\/li>\n<\/ol>\n<p>&nbsp;<\/p>\n<table>\n<tbody>\n<tr>\n<td width=\"102\"><strong>Jour<\/strong><\/td>\n<td width=\"102\"><strong>Garderie du matin<\/strong><\/td>\n<td width=\"102\"><strong>Accueil sur la cour<\/strong><\/td>\n<td width=\"102\"><strong>Horaire des cours<\/strong><\/td>\n<td width=\"102\"><strong>Garderie<\/strong><\/td>\n<td width=\"102\"><strong>Etude<\/strong><\/td>\n<\/tr>\n<tr>\n<td width=\"102\">Lundi<\/td>\n<td width=\"102\">7h15\u00e0 8h00<\/td>\n<td width=\"102\">8h00\u00e0 8h45<\/td>\n<td width=\"102\">8h45 \u00e0 11h40<\/p>\n<p>13h00\u00e015h45<\/td>\n<td width=\"102\">16h00 \u00e0 18h00<\/td>\n<td width=\"102\">16h00 \u00e0 17h00<\/td>\n<\/tr>\n<tr>\n<td width=\"102\">Mardi<\/td>\n<td width=\"102\">7h15\u00e0 8h00<\/td>\n<td width=\"102\">8h00\u00e0 8h45<\/td>\n<td width=\"102\">8h45 \u00e0 11h40<\/p>\n<p>13h00\u00e015h45<\/td>\n<td width=\"102\">16h00 \u00e0 18h00<\/td>\n<td width=\"102\">16h00 \u00e0 17h00<\/td>\n<\/tr>\n<tr>\n<td width=\"102\">Mercredi<\/td>\n<td width=\"102\">7h15\u00e0 8h00<\/td>\n<td width=\"102\">8h00\u00e0 8h45<\/td>\n<td width=\"102\">8h45\u00e0 11h40<\/td>\n<td width=\"102\"><strong>Pas d&rsquo;\u00e9tudes <\/strong><\/p>\n<p><strong>Ni de garderie<\/strong><\/td>\n<td width=\"102\"><strong>Pas d&rsquo;\u00e9tudes <\/strong><\/p>\n<p><strong>Ni de garderie<\/strong><\/td>\n<\/tr>\n<tr>\n<td width=\"102\">Jeudi<\/td>\n<td width=\"102\">7h15\u00e0 8h00<\/td>\n<td width=\"102\">8h00\u00e0 8h45<\/td>\n<td width=\"102\">8h45 \u00e0 11h40<\/p>\n<p>13h00\u00e015h45<\/td>\n<td width=\"102\">16h00 \u00e0 18h00<\/td>\n<td width=\"102\">16h00 \u00e0 17h00<\/td>\n<\/tr>\n<tr>\n<td width=\"102\">Vendredi<\/td>\n<td width=\"102\">7h15\u00e0 8h00<\/td>\n<td width=\"102\">8h00\u00e0 8h45<\/td>\n<td width=\"102\">8h45 \u00e0 11h40<\/p>\n<p>13h00\u00e015h45<\/td>\n<td width=\"102\">16h00 \u00e0 18h00<\/td>\n<td width=\"102\"><strong>Pas d\u2019\u00e9tudes<\/strong><\/td>\n<\/tr>\n<\/tbody>\n<\/table>\n<p>&nbsp;<\/p>\n","protected":false},"excerpt":{"rendered":"<p>Horaires: L&rsquo;\u00e9cole est ouverte de 7h15 \u00e0 18h00 sauf le mercredi apr\u00e8s-midi. &nbsp; Jour Garderie du matin Accueil sur la cour Horaire des cours Garderie Etude Lundi 7h15\u00e0 8h00 8h00\u00e0 8h45 8h45 \u00e0 11h40&#46;&#46;&#46;<\/p>\n","protected":false},"author":1,"featured_media":0,"parent":0,"menu_order":0,"comment_status":"closed","ping_status":"closed","template":"","meta":{"footnotes":""},"class_list":["post-150","page","type-page","status-publish","hentry"],"_links":{"self":[{"href":"https:\/\/houthem.saint-henri.be\/index.php?rest_route=\/wp\/v2\/pages\/150","targetHints":{"allow":["GET"]}}],"collection":[{"href":"https:\/\/houthem.saint-henri.be\/index.php?rest_route=\/wp\/v2\/pages"}],"about":[{"href":"https:\/\/houthem.saint-henri.be\/index.php?rest_route=\/wp\/v2\/types\/page"}],"author":[{"embeddable":true,"href":"https:\/\/houthem.saint-henri.be\/index.php?rest_route=\/wp\/v2\/users\/1"}],"replies":[{"embeddable":true,"href":"https:\/\/houthem.saint-henri.be\/index.php?rest_route=%2Fwp%2Fv2%2Fcomments&post=150"}],"version-history":[{"count":4,"href":"https:\/\/houthem.saint-henri.be\/index.php?rest_route=\/wp\/v2\/pages\/150\/revisions"}],"predecessor-version":[{"id":235,"href":"https:\/\/houthem.saint-henri.be\/index.php?rest_route=\/wp\/v2\/pages\/150\/revisions\/235"}],"wp:attachment":[{"href":"https:\/\/houthem.saint-henri.be\/index.php?rest_route=%2Fwp%2Fv2%2Fmedia&parent=150"}],"curies":[{"name":"wp","href":"https:\/\/api.w.org\/{rel}","templated":true}]}}